{"id":35,"date":"2020-03-09T12:11:19","date_gmt":"2020-03-09T11:11:19","guid":{"rendered":"http:\/\/psyclairebouflet.fr\/?page_id=35"},"modified":"2025-01-12T15:59:59","modified_gmt":"2025-01-12T14:59:59","slug":"videos","status":"publish","type":"page","link":"https:\/\/psyclairebouflet.fr\/index.php\/videos\/","title":{"rendered":"Vid\u00e9os"},"content":{"rendered":"<p>[et_pb_section fb_built=&#8221;1&#8243; _builder_version=&#8221;4.4.0&#8243;][et_pb_row column_structure=&#8221;1_2,1_2&#8243; make_equal=&#8221;on&#8221; _builder_version=&#8221;4.4.0&#8243;][et_pb_column type=&#8221;1_2&#8243; _builder_version=&#8221;4.4.0&#8243;][et_pb_text _builder_version=&#8221;4.4.0&#8243; hover_enabled=&#8221;0&#8243; inline_fonts=&#8221;ABeeZee&#8221;]<\/p>\n<h6 style=\"text-align: center;\"><em>Bel &amp; Bien (France 2)<\/em><\/h6>\n<h6 style=\"text-align: center;\"><span style=\"font-family: ABeeZee; font-weight: normal;\">&#8220;Une bonne dose d&#8217;\u00e9go\u00efsme est essentielle pour notre \u00e9quilibre ! &#8221; (1h04)<\/span><\/h6>\n<p>[\/et_pb_text][et_pb_text _builder_version=&#8221;4.4.0&#8243; min_height=&#8221;178.2px&#8221; custom_margin=&#8221;-27px||-94px|||&#8221; custom_padding=&#8221;0px||0px|||&#8221;]<\/p>\n<h6 style=\"text-align: center;\"><\/h6>\n<p style=\"text-align: center;\">\n<p style=\"text-align: center;\"><strong>\u00c0 visionner via <a href=\"https:\/\/www.france.tv\/france-2\/bel-et-bien\/6804136-bel-bien.html#section-about\">la plateforme france.tv<\/a><\/strong><a href=\"https:\/\/www.france.tv\/france-2\/bel-et-bien\/6804136-bel-bien.html#section-about\">\u00a0<\/a><\/p>\n<h6 style=\"text-align: center;\"><\/h6>\n<h6 style=\"text-align: center;\"><strong><\/strong><\/h6>\n<h6 style=\"text-align: center;\"><strong><\/strong><\/h6>\n<p><strong><\/strong><\/p>\n<h6 style=\"text-align: center;\"><strong><\/strong><\/h6>\n<h6 style=\"text-align: center;\">*****<\/h6>\n<p>\u00a0<strong><\/strong><\/p>\n<p>[\/et_pb_text][\/et_pb_column][et_pb_column type=&#8221;1_2&#8243; _builder_version=&#8221;4.4.0&#8243;][\/et_pb_column][\/et_pb_row][et_pb_row column_structure=&#8221;1_2,1_2&#8243; make_equal=&#8221;on&#8221; _builder_version=&#8221;4.4.0&#8243; min_height=&#8221;406.8px&#8221;][et_pb_column type=&#8221;1_2&#8243; _builder_version=&#8221;4.4.0&#8243;][\/et_pb_column][et_pb_column type=&#8221;1_2&#8243; _builder_version=&#8221;4.4.0&#8243;][et_pb_text _builder_version=&#8221;4.4.0&#8243;]<\/p>\n<h6 style=\"text-align: center;\"><em>Partager C&#8217;est Sympa<\/em><\/h6>\n<h6 style=\"text-align: center;\">&#8220;La Communication Non Violente&#8221; (7min23)<\/h6>\n<p>[\/et_pb_text][et_pb_video src=&#8221;https:\/\/youtu.be\/4S9yQh2yc98&#8243; _builder_version=&#8221;4.4.0&#8243;][\/et_pb_video][\/et_pb_column][\/et_pb_row][et_pb_row column_structure=&#8221;1_2,1_2&#8243; make_equal=&#8221;on&#8221; _builder_version=&#8221;4.4.0&#8243;][et_pb_column type=&#8221;1_2&#8243; _builder_version=&#8221;4.4.0&#8243;][et_pb_text _builder_version=&#8221;4.4.0&#8243; custom_padding=&#8221;||0px|||&#8221;]<\/p>\n<h6 style=\"text-align: center;\">*****<\/h6>\n<p>&nbsp;<\/p>\n<h6 style=\"text-align: center;\"><em>Et Tout le Monde s&#8217;en Fout<\/em><\/h6>\n<h6 style=\"text-align: center;\">&#8220;Les \u00c9motions&#8221; (3min43)<\/h6>\n<p>[\/et_pb_text][et_pb_video src=&#8221;https:\/\/youtu.be\/_DakEvdZWLk&#8221; _builder_version=&#8221;4.4.0&#8243;][\/et_pb_video][\/et_pb_column][et_pb_column type=&#8221;1_2&#8243; _builder_version=&#8221;4.4.0&#8243;][et_pb_text _builder_version=&#8221;4.4.0&#8243; width=&#8221;135.9%&#8221; custom_margin=&#8221;-32px||2px|-87px|false|false&#8221; custom_padding=&#8221;||0px|54px||&#8221;]<\/p>\n<h6 style=\"text-align: center;\"><\/h6>\n<h6 style=\"text-align: center;\"><\/h6>\n<h6 style=\"text-align: center;\"><\/h6>\n<h6 style=\"text-align: center;\"><\/h6>\n<h6 style=\"text-align: center;\"><\/h6>\n<h6 style=\"text-align: center;\"><\/h6>\n<h6 style=\"text-align: center;\"><\/h6>\n<h6 style=\"text-align: center;\">*****<\/h6>\n<h6 style=\"text-align: center;\"><\/h6>\n<h6 style=\"text-align: center;\"><em>42 &#8211; La r\u00e9ponse \u00e0 presque tout (Arte)<\/em><\/h6>\n<h6 style=\"text-align: center;\">&#8220;Comment se d\u00e9barrasser des connards ?&#8221; (24min27)<\/h6>\n<p>&nbsp;<\/p>\n<div style=\"left: -3000px; width: 1000px; overflow: hidden; position: fixed;\" contenteditable=\"false\">\n<div contenteditable=\"true\">\n<p><!-- x-tinymce\/html --><\/p>\n<h6 style=\"text-align: center;\">Documentaire d&#8217;Anthony Chene<\/h6>\n<h6 style=\"text-align: center;\">&#8220;La puissance de l&#8217;intention&#8221;<\/h6>\n<\/div>\n<\/div>\n<p>[\/et_pb_text][et_pb_text _builder_version=&#8221;4.4.0&#8243; min_height=&#8221;152.8px&#8221; custom_margin=&#8221;0px||-40px|||&#8221; custom_padding=&#8221;0px||0px|||&#8221;]<\/p>\n<p style=\"text-align: center;\"><strong>\u00c0 visionner via\u00a0<a href=\"https:\/\/www.arte.tv\/fr\/videos\/104840-017-A\/comment-se-debarrasser-des-connards\/\"><\/a><\/strong><strong><a href=\"https:\/\/www.arte.tv\/fr\/videos\/104840-017-A\/comment-se-debarrasser-des-connards\/\">le site Arte<\/a><\/strong><\/p>\n<p style=\"text-align: center;\"><strong><\/strong><\/p>\n<p style=\"text-align: center;\"><strong><\/strong><\/p>\n<p style=\"text-align: center;\"><strong><\/strong><\/p>\n<p style=\"text-align: center;\"><strong>*****<\/strong><\/p>\n<p>[\/et_pb_text][\/et_pb_column][\/et_pb_row][et_pb_row column_structure=&#8221;1_2,1_2&#8243; make_equal=&#8221;on&#8221; _builder_version=&#8221;4.4.0&#8243; custom_padding=&#8221;0px|||||&#8221;][et_pb_column type=&#8221;1_2&#8243; _builder_version=&#8221;4.4.0&#8243;][et_pb_text _builder_version=&#8221;4.4.0&#8243; custom_margin=&#8221;-27px|||||&#8221; custom_padding=&#8221;0px||0px|||&#8221;]<\/p>\n<h6 style=\"text-align: center;\"><em><\/em><\/h6>\n<h6 style=\"text-align: center;\"><em><\/em><\/h6>\n<h6 style=\"text-align: center;\"><em><\/em><em>Dr Olivier Revol &#8211; neuropsychiatre<\/em><\/h6>\n<h6 style=\"text-align: center;\"><em> diagnostiqu\u00e9 TDAH<\/em><\/h6>\n<h6 style=\"text-align: center;\">&#8220;Il est plus facile de fabriquer un enfant<\/h6>\n<h6 style=\"text-align: center;\">solide que de r\u00e9parer<\/h6>\n<h6 style=\"text-align: center;\">un adulte bris\u00e9&#8221; (6min57)<\/h6>\n<p>[\/et_pb_text][et_pb_video src=&#8221;https:\/\/youtu.be\/OXmoigrPn3M&#8221; _builder_version=&#8221;4.4.0&#8243;][\/et_pb_video][\/et_pb_column][et_pb_column type=&#8221;1_2&#8243; _builder_version=&#8221;4.4.0&#8243;][et_pb_text _builder_version=&#8221;4.4.0&#8243; min_height=&#8221;27px&#8221; custom_margin=&#8221;-22px|||||&#8221; custom_padding=&#8221;||0px|||&#8221;]<\/p>\n<h6 style=\"text-align: center;\"><\/h6>\n<h6 style=\"text-align: center;\"><\/h6>\n<h6 style=\"text-align: center;\"><\/h6>\n<h6 style=\"text-align: center;\"><\/h6>\n<h6 style=\"text-align: center;\"><\/h6>\n<h6 style=\"text-align: center;\"><\/h6>\n<h6 style=\"text-align: center;\">*****<\/h6>\n<h6 style=\"text-align: center;\"><\/h6>\n<h6 style=\"text-align: center;\"><\/h6>\n<h6 style=\"text-align: center;\">5 minutes de coh\u00e9rence cardiaque (5min49)<\/h6>\n<h6 style=\"text-align: center;\"><\/h6>\n<p>[\/et_pb_text][et_pb_video src=&#8221;https:\/\/www.youtube.com\/watch?v=dGJkzyKHKUE&#8221; _builder_version=&#8221;4.4.0&#8243; custom_margin=&#8221;4px||-96px|||&#8221; custom_padding=&#8221;0px|||||&#8221;][\/et_pb_video][et_pb_text _builder_version=&#8221;4.4.0&#8243; custom_padding=&#8221;||0px|||&#8221;]<\/p>\n<h5 style=\"text-align: center;\"><span style=\"font-size: 10.72px;\">5 minutes de coh\u00e9rence cardiaque<\/span><span style=\"font-size: 16px;\"> (5min49)<\/span><\/h5>\n<p>[\/et_pb_text][\/et_pb_column][\/et_pb_row][et_pb_row column_structure=&#8221;1_2,1_2&#8243; _builder_version=&#8221;4.4.0&#8243;][et_pb_column type=&#8221;1_2&#8243; _builder_version=&#8221;4.4.0&#8243;][\/et_pb_column][et_pb_column type=&#8221;1_2&#8243; _builder_version=&#8221;4.4.0&#8243;][et_pb_text _builder_version=&#8221;4.4.0&#8243; width=&#8221;135.9%&#8221; custom_margin=&#8221;|||-68px|false|false&#8221; custom_padding=&#8221;|0px||||&#8221;]<\/p>\n<h6 style=\"text-align: center;\"><\/h6>\n<h6 style=\"text-align: center;\"><\/h6>\n<h6 style=\"text-align: center;\"><\/h6>\n<h6 style=\"text-align: center;\"><\/h6>\n<h6 style=\"text-align: center;\">*****<\/h6>\n<h6 style=\"text-align: center;\"><\/h6>\n<h6 style=\"text-align: center;\"><em><\/em><\/h6>\n<h6 style=\"text-align: center;\"><em>Dr Serge Marquis<\/em><\/h6>\n<h6 style=\"text-align: center;\">&#8220;On est foutu, on pense trop !&#8221; (1h19)\u00a0<\/h6>\n<p>&nbsp;<\/p>\n<p>&nbsp;<\/p>\n<div style=\"left: -3000px; width: 1000px; overflow: hidden; position: fixed;\" contenteditable=\"false\">\n<div contenteditable=\"true\">\n<p><!-- x-tinymce\/html --><\/p>\n<h6 style=\"text-align: center;\">Documentaire d&#8217;Anthony Chene<\/h6>\n<h6 style=\"text-align: center;\">&#8220;La puissance de l&#8217;intention&#8221;<\/h6>\n<\/div>\n<\/div>\n<p>[\/et_pb_text][\/et_pb_column][\/et_pb_row][et_pb_row _builder_version=&#8221;4.4.0&#8243; min_height=&#8221;557.5px&#8221; custom_margin=&#8221;-59px|auto||auto||&#8221;][et_pb_column type=&#8221;4_4&#8243; _builder_version=&#8221;4.4.0&#8243;][et_pb_video src=&#8221;https:\/\/www.youtube.com\/watch?v=MzvF3OVWgZM&#038;t=4s&#8221; _builder_version=&#8221;4.4.0&#8243; min_height=&#8221;289.7px&#8221; custom_margin=&#8221;-29px||-54px|||&#8221;][\/et_pb_video][et_pb_text _builder_version=&#8221;4.4.0&#8243; width=&#8221;135.9%&#8221; custom_margin=&#8221;-32px|||-65px|false|false&#8221; custom_padding=&#8221;0px|||||&#8221;]<\/p>\n<h6 style=\"text-align: center;\"><\/h6>\n<h6 style=\"text-align: center;\">*****<\/h6>\n<h6 style=\"text-align: center;\"><\/h6>\n<h6 style=\"text-align: center;\"><\/h6>\n<h6 style=\"text-align: center;\"><em>Documentaire d&#8217;Anthony Ch\u00eane<\/em><\/h6>\n<h6 style=\"text-align: center;\">&#8220;La puissance de l&#8217;intention&#8221; (1h01)<\/h6>\n<p>&nbsp;<\/p>\n<div style=\"left: -3000px; width: 1000px; overflow: hidden; position: fixed;\" contenteditable=\"false\">\n<div contenteditable=\"true\">\n<p><!-- x-tinymce\/html --><\/p>\n<h6 style=\"text-align: center;\">Documentaire d&#8217;Anthony Chene<\/h6>\n<h6 style=\"text-align: center;\">&#8220;La puissance de l&#8217;intention&#8221;<\/h6>\n<\/div>\n<\/div>\n<p>[\/et_pb_text][et_pb_video src=&#8221;https:\/\/www.youtube.com\/watch?v=70Xg0cclf5Q&#8221; _builder_version=&#8221;4.4.0&#8243; custom_margin=&#8221;-19px|||||&#8221;][\/et_pb_video][\/et_pb_column][\/et_pb_row][et_pb_row column_structure=&#8221;1_2,1_2&#8243; _builder_version=&#8221;4.4.0&#8243;][et_pb_column type=&#8221;1_2&#8243; _builder_version=&#8221;4.4.0&#8243;][et_pb_text _builder_version=&#8221;4.4.0&#8243; width=&#8221;135.9%&#8221; custom_margin=&#8221;-32px|||-69px|false|false&#8221;]<\/p>\n<h6 style=\"text-align: center;\"><\/h6>\n<h6 style=\"text-align: center;\"><\/h6>\n<h6 style=\"text-align: center;\"><\/h6>\n<h6 style=\"text-align: center;\"><\/h6>\n<h6 style=\"text-align: center;\">*****<\/h6>\n<h6 style=\"text-align: center;\"><\/h6>\n<h6 style=\"text-align: center;\"><\/h6>\n<h6 style=\"text-align: center;\"><em>Documentaire d&#8217;Anthony Ch\u00eane<\/em><\/h6>\n<h6 style=\"text-align: center;\">&#8220;Rena\u00eetre&#8221; (53min19)\u00a0<\/h6>\n<div style=\"left: -3000px; width: 1000px; overflow: hidden; position: fixed;\" contenteditable=\"false\">\n<div contenteditable=\"true\">\n<p><!-- x-tinymce\/html --><\/p>\n<h6 style=\"text-align: center;\">Documentaire d&#8217;Anthony Chene<\/h6>\n<h6 style=\"text-align: center;\">&#8220;La puissance de l&#8217;intention&#8221;<\/h6>\n<\/div>\n<\/div>\n<p>[\/et_pb_text][et_pb_video src=&#8221;https:\/\/youtu.be\/vJc6vqivFQQ&#8221; _builder_version=&#8221;4.4.0&#8243;][\/et_pb_video][\/et_pb_column][et_pb_column type=&#8221;1_2&#8243; _builder_version=&#8221;4.4.0&#8243;][et_pb_text _builder_version=&#8221;4.4.0&#8243; width=&#8221;135.9%&#8221; custom_margin=&#8221;-30px|||-67px|false|false&#8221;]<\/p>\n<h6 style=\"text-align: center;\"><\/h6>\n<h6 style=\"text-align: center;\"><\/h6>\n<h6 style=\"text-align: center;\"><\/h6>\n<h6 style=\"text-align: center;\"><\/h6>\n<h6 style=\"text-align: center;\"><\/h6>\n<h6 style=\"text-align: center;\"><\/h6>\n<h6 style=\"text-align: center;\"><\/h6>\n<h6 style=\"text-align: center;\">*****<\/h6>\n<h6 style=\"text-align: center;\"><\/h6>\n<h6 style=\"text-align: center;\"><em>Jonathan Lehmann<\/em><\/h6>\n<h6 style=\"text-align: center;\">&#8220;Les antis\u00e8ches du bonheur&#8221; (18min19)\u00a0<\/h6>\n<div style=\"left: -3000px; width: 1000px; overflow: hidden; position: fixed;\" contenteditable=\"false\">\n<div contenteditable=\"true\">\n<p><!-- x-tinymce\/html --><\/p>\n<h6 style=\"text-align: center;\">Documentaire d&#8217;Anthony Chene<\/h6>\n<h6 style=\"text-align: center;\">&#8220;La puissance de l&#8217;intention&#8221;<\/h6>\n<\/div>\n<\/div>\n<p>[\/et_pb_text][et_pb_video src=&#8221;https:\/\/youtu.be\/2Utw9OysLP8&#8243; _builder_version=&#8221;4.4.0&#8243;][\/et_pb_video][\/et_pb_column][\/et_pb_row][\/et_pb_section]<\/p>\n","protected":false},"excerpt":{"rendered":"<p>[et_pb_section fb_built=&#8221;1&#8243; _builder_version=&#8221;4.4.0&#8243;][et_pb_row column_structure=&#8221;1_2,1_2&#8243; make_equal=&#8221;on&#8221; _builder_version=&#8221;4.4.0&#8243;][et_pb_column type=&#8221;1_2&#8243; _builder_version=&#8221;4.4.0&#8243;][et_pb_text _builder_version=&#8221;4.4.0&#8243; hover_enabled=&#8221;0&#8243; inline_fonts=&#8221;ABeeZee&#8221;] Bel &amp; Bien (France 2) &#8220;Une bonne dose d&#8217;\u00e9go\u00efsme est essentielle pour notre \u00e9quilibre ! &#8221; (1h04) [\/et_pb_text][et_pb_text _builder_version=&#8221;4.4.0&#8243; min_height=&#8221;178.2px&#8221; custom_margin=&#8221;-27px||-94px|||&#8221; custom_padding=&#8221;0px||0px|||&#8221;] \u00c0 visionner via la plateforme france.tv\u00a0 ***** \u00a0 [\/et_pb_text][\/et_pb_column][et_pb_column type=&#8221;1_2&#8243; _builder_version=&#8221;4.4.0&#8243;][\/et_pb_column][\/et_pb_row][et_pb_row column_structure=&#8221;1_2,1_2&#8243; make_equal=&#8221;on&#8221; _builder_version=&#8221;4.4.0&#8243; min_height=&#8221;406.8px&#8221;][et_pb_column type=&#8221;1_2&#8243; _builder_version=&#8221;4.4.0&#8243;][\/et_pb_column][et_pb_column type=&#8221;1_2&#8243; _builder_version=&#8221;4.4.0&#8243;][et_pb_text _builder_version=&#8221;4.4.0&#8243;] Partager C&#8217;est [&hellip;]<\/p>\n","protected":false},"author":1,"featured_media":0,"parent":0,"menu_order":0,"comment_status":"closed","ping_status":"closed","template":"","meta":{"_et_pb_use_builder":"on","_et_pb_old_content":"<!-- wp:divi\/placeholder \/-->","_et_gb_content_width":""},"_links":{"self":[{"href":"https:\/\/psyclairebouflet.fr\/index.php\/wp-json\/wp\/v2\/pages\/35"}],"collection":[{"href":"https:\/\/psyclairebouflet.fr\/index.php\/wp-json\/wp\/v2\/pages"}],"about":[{"href":"https:\/\/psyclairebouflet.fr\/index.php\/wp-json\/wp\/v2\/types\/page"}],"author":[{"embeddable":true,"href":"https:\/\/psyclairebouflet.fr\/index.php\/wp-json\/wp\/v2\/users\/1"}],"replies":[{"embeddable":true,"href":"https:\/\/psyclairebouflet.fr\/index.php\/wp-json\/wp\/v2\/comments?post=35"}],"version-history":[{"count":56,"href":"https:\/\/psyclairebouflet.fr\/index.php\/wp-json\/wp\/v2\/pages\/35\/revisions"}],"predecessor-version":[{"id":1597,"href":"https:\/\/psyclairebouflet.fr\/index.php\/wp-json\/wp\/v2\/pages\/35\/revisions\/1597"}],"wp:attachment":[{"href":"https:\/\/psyclairebouflet.fr\/index.php\/wp-json\/wp\/v2\/media?parent=35"}],"curies":[{"name":"wp","href":"https:\/\/api.w.org\/{rel}","templated":true}]}}