{"id":33,"date":"2020-03-09T12:10:48","date_gmt":"2020-03-09T11:10:48","guid":{"rendered":"http:\/\/psyclairebouflet.fr\/?page_id=33"},"modified":"2026-01-08T18:23:02","modified_gmt":"2026-01-08T17:23:02","slug":"lectures","status":"publish","type":"page","link":"https:\/\/psyclairebouflet.fr\/index.php\/lectures\/","title":{"rendered":"Lectures"},"content":{"rendered":"<p>[et_pb_section fb_built=&#8221;1&#8243; _builder_version=&#8221;4.4.0&#8243; custom_margin=&#8221;||40px|||&#8221; custom_padding=&#8221;||0px|||&#8221;][et_pb_row column_structure=&#8221;1_2,1_2&#8243; _builder_version=&#8221;4.4.0&#8243; min_height=&#8221;285.2px&#8221; custom_padding=&#8221;0px||0px|||&#8221; hover_enabled=&#8221;0&#8243;][et_pb_column type=&#8221;1_2&#8243; _builder_version=&#8221;4.4.0&#8243;][et_pb_image src=&#8221;https:\/\/psyclairebouflet.fr\/wp-content\/uploads\/2020\/03\/Th\u00e9-livre.jpg&#8221; _builder_version=&#8221;4.4.0&#8243; min_height=&#8221;215.9px&#8221; custom_margin=&#8221;18px||-32px|||&#8221; custom_padding=&#8221;||20px|||&#8221;][\/et_pb_image][\/et_pb_column][et_pb_column type=&#8221;1_2&#8243; _builder_version=&#8221;4.4.0&#8243;][et_pb_text _builder_version=&#8221;4.4.0&#8243; width=&#8221;100%&#8221; max_width=&#8221;100%&#8221; min_height=&#8221;435px&#8221; height=&#8221;406px&#8221; max_height=&#8221;413px&#8221; custom_margin=&#8221;||0px||false|false&#8221; custom_padding=&#8221;||0px||false|false&#8221;]<\/p>\n<p><span style=\"text-decoration: underline;\"><strong><\/strong><\/span><\/p>\n<p><span style=\"text-decoration: underline;\"><strong><\/strong><\/span><\/p>\n<p><span style=\"text-decoration: underline;\"><strong><\/strong><\/span><\/p>\n<p><span style=\"text-decoration: underline;\"><strong><\/strong><\/span><\/p>\n<p><span style=\"text-decoration: underline;\"><strong><\/strong><\/span><\/p>\n<p><span style=\"text-decoration: underline;\"><strong><\/strong><\/span><\/p>\n<p><span style=\"text-decoration: underline;\"><strong>Les &#8220;Indispensables&#8221;<\/strong><\/span><br \/> <strong><\/strong><\/p>\n<p><strong>Christophe Andr\u00e9<i>, Imparfaits, libres et heureux. Pratiques de l&#8217;estime de soi, <\/i>Odile Jacob, 2006.<\/strong><\/p>\n<p><strong>Nelly Pons, <em>Choisir de ralentir, Je passe \u00e0 l&#8217;acte<\/em>, Actes Sud \/ Ka\u00efzen, 2017.<\/strong><\/p>\n<p><strong>Don Miguel Ruiz, <em>Les quatre accords tolt\u00e8ques. La voie de la libert\u00e9 personnelle. <\/em>Jouvence \u00c9<\/strong><strong>ditions, 2016.<\/strong><\/p>\n<p><strong><\/strong><\/p>\n<p>[\/et_pb_text][\/et_pb_column][\/et_pb_row][et_pb_row column_structure=&#8221;1_2,1_2&#8243; _builder_version=&#8221;4.4.0&#8243; min_height=&#8221;783px&#8221; height=&#8221;793px&#8221; max_height=&#8221;804px&#8221; custom_margin=&#8221;-19px|auto|-1px|auto||&#8221; custom_padding=&#8221;0px||0px|||&#8221; hover_enabled=&#8221;0&#8243;][et_pb_column type=&#8221;1_2&#8243; _builder_version=&#8221;4.4.0&#8243;][et_pb_text _builder_version=&#8221;4.4.0&#8243; width=&#8221;100%&#8221; max_width=&#8221;100%&#8221; min_height=&#8221;288px&#8221; height=&#8221;231px&#8221; max_height=&#8221;333px&#8221; custom_margin=&#8221;-46px||||false|false&#8221; custom_padding=&#8221;0px||0px||false|false&#8221;]<\/p>\n<p><span style=\"font-size: 14px; text-decoration-line: underline;\"><\/span><\/p>\n<p><span style=\"font-size: 14px; text-decoration-line: underline;\"><\/span><\/p>\n<p><span style=\"font-size: 14px; text-decoration-line: underline;\"><\/span><\/p>\n<p><span style=\"font-size: 14px; text-decoration-line: underline;\"><\/span><\/p>\n<p><span style=\"text-decoration: underline;\">Anxi\u00e9t\u00e9<\/span><\/p>\n<p>Christophe Andr\u00e9, <em>Psychologie de la peur. Craintes, angoisses et phobies, <\/em>Odile Jacob, 2005.<\/p>\n<p>Giulia Enders<i>, Le charme discret de l&#8217;intestin, <\/i>Actes Sud, 2017.<\/p>\n<p>Serge Marquis, <em>On est foutu, on pense trop !<\/em> Points, 2016.<\/p>\n<p><span style=\"font-size: 14px; text-decoration-line: underline;\"><\/span><\/p>\n<p><span style=\"font-size: 14px; text-decoration-line: underline;\">Communication Non Violente<\/span><strong><\/strong><\/p>\n<p>Thomas D&#8217;Ansembourg<i>, Cessez d&#8217;\u00eatre gentil, soyez vrai !,<\/i> Groupe Livre, 2014.<\/p>\n<p>Marshall B. Rosenberg, <em>Les mots sont des fen\u00eatres (ou bien ce sont des murs), Initiation \u00e0 la Communication Non Violente<\/em>, La D\u00e9couverte, 2004.<\/p>\n<p><span style=\"font-size: 14px; text-decoration-line: underline;\"><\/span><\/p>\n<p><span style=\"font-size: 14px; text-decoration-line: underline;\">D\u00e9pression<\/span><\/p>\n<p>Mademoiselle Caroline &amp; Christophe Andr\u00e9, <em>Mon programme anti-d\u00e9pression,<\/em> L&#8217;Iconoclaste, 2018.<\/p>\n<p><span style=\"font-size: 14px; text-decoration-line: underline;\"><\/span><\/p>\n<p><span style=\"font-size: 14px; text-decoration-line: underline;\">F\u00e9minin<\/span><\/p>\n<p><span style=\"font-size: 14px; background-color: #ffffff;\">Ga\u00eblle Baldassari,\u00a0<\/span><em style=\"font-size: 14px; background-color: #ffffff;\">Kiffe ton cycle !,<\/em><span style=\"font-size: 14px; background-color: #ffffff;\">\u00a0Larousse, 2019.<\/span><\/p>\n<p>Corinne De Leenheer, <em>F\u00e9minin sacr\u00e9, <span style=\"font-size: 14px;\">rituels<\/span>\u00a0et reliance aux cycles lunaires,<\/em> Rustica \u00c9ditions, 2022.<\/p>\n<p><span style=\"font-size: 14px; text-decoration-line: underline;\"><\/span><\/p>\n<p><span style=\"font-size: 14px; text-decoration-line: underline;\">M\u00e9ditation<\/span><\/p>\n<p>Christophe Andr\u00e9, <em>M\u00e9diter, jour apr\u00e8s jour, <\/em>L&#8217;Iconoclaste, 2011.<\/p>\n<p>John Kabat-Zinn, <em>O\u00f9 tu vas, tu es,\u00a0<\/em>J&#8217;ai Lu, 2017.<\/p>\n<p>Eckhart Tolle, <em>Le pouvoir du moment pr\u00e9sent<\/em>, J&#8217;ai Lu, 2017.<\/p>\n<p>&nbsp;<\/p>\n<p>&nbsp;<\/p>\n<p><span style=\"font-size: 14px; text-decoration-line: underline;\"><\/span><\/p>\n<p>&nbsp;<\/p>\n<p style=\"text-align: justify;\">\n<p>[\/et_pb_text][\/et_pb_column][et_pb_column type=&#8221;1_2&#8243; _builder_version=&#8221;4.4.0&#8243;][et_pb_image src=&#8221;https:\/\/psyclairebouflet.fr\/wp-content\/uploads\/2023\/05\/germ-g84cd3c03c_1280.jpg&#8221; _builder_version=&#8221;4.4.0&#8243; hover_enabled=&#8221;0&#8243; min_height=&#8221;681.3px&#8221; custom_margin=&#8221;||-269px|||&#8221;][\/et_pb_image][\/et_pb_column][\/et_pb_row][et_pb_row _builder_version=&#8221;4.4.0&#8243; column_structure=&#8221;1_2,1_2&#8243; custom_margin=&#8221;21px|auto||auto||&#8221;][et_pb_column _builder_version=&#8221;4.4.0&#8243; type=&#8221;1_2&#8243;][et_pb_image src=&#8221;https:\/\/psyclairebouflet.fr\/wp-content\/uploads\/2020\/03\/Cerisiers.jpg&#8221; _builder_version=&#8221;4.4.0&#8243; hover_enabled=&#8221;0&#8243;][\/et_pb_image][\/et_pb_column][et_pb_column _builder_version=&#8221;4.4.0&#8243; type=&#8221;1_2&#8243;][et_pb_text _builder_version=&#8221;4.4.0&#8243; min_height=&#8221;874.6px&#8221; custom_margin=&#8221;-69px|||||&#8221; custom_padding=&#8221;0px|||||&#8221;]<\/p>\n<p>&nbsp;<\/p>\n<p>&nbsp;<\/p>\n<p><span style=\"font-size: 14px; text-decoration-line: underline;\"><\/span><\/p>\n<p><span style=\"font-size: 14px; text-decoration-line: underline;\">Psychologie Positive<\/span><\/p>\n<p>Christophe Andr\u00e9, <em>Et n&#8217;oublie pas d&#8217;\u00eatre heureux. Ab\u00e9c\u00e9daire de psychologie positive,\u00a0<\/em>Odile Jacob, 2016.<\/p>\n<p>Martin Seligman, <em>Vivre la psychologie positive. Comment \u00eatre heureux au quotidien<\/em>, Pocket, 2013.<\/p>\n<p><span style=\"text-decoration: underline;\"><\/span><\/p>\n<p><span style=\"text-decoration: underline;\">Roman<\/span><\/p>\n<p>Maud Ankaoua, <em>Kilom\u00e8tre z\u00e9ro<\/em>, J\u2019ai Lu, 2019.<\/p>\n<p>Maud Ankaoua, <em>Respire !<\/em> J\u2019ai Lu, 2022.<\/p>\n<p>Fr\u00e9d\u00e9rique Deghelt, <em>Sankhara<\/em>, Actes Sud, 2020.<\/p>\n<p>Rapha\u00eblle Giordano, <em>Le jour o\u00f9 les lions mangeront de la salade verte, <\/em>Pocket<em>, <\/em>2019<em>.<\/em><\/p>\n<p>Rapha\u00eblle Giordano<em>, Ta deuxi\u00e8me vie commence quand tu comprends que tu n&#8217;en as qu&#8217;une<\/em>, Pocket, 2017.<\/p>\n<p>Dan Millman, <em>Le guerrier pacifique<\/em>, J&#8217;ai Lu, 2009.<\/p>\n<p>Val\u00e9rie Perrin, <em>Changer l&#8217;eau des fleurs<\/em>, Albin Michel, 2019.<\/p>\n<p>Sabrina Philippe, <em>Tu verras, les \u00e2mes se retrouvent toujours quelque part<\/em>, Points, 2017.<\/p>\n<p>James Redfield, <em>La proph\u00e9tie des Andes<\/em>, J&#8217;ai Lu, 2006.<\/p>\n<p>[\/et_pb_text][\/et_pb_column][\/et_pb_row][\/et_pb_section]<\/p>\n","protected":false},"excerpt":{"rendered":"<p>[et_pb_section fb_built=&#8221;1&#8243; _builder_version=&#8221;4.4.0&#8243; custom_margin=&#8221;||40px|||&#8221; custom_padding=&#8221;||0px|||&#8221;][et_pb_row column_structure=&#8221;1_2,1_2&#8243; _builder_version=&#8221;4.4.0&#8243; min_height=&#8221;285.2px&#8221; custom_padding=&#8221;0px||0px|||&#8221; hover_enabled=&#8221;0&#8243;][et_pb_column type=&#8221;1_2&#8243; _builder_version=&#8221;4.4.0&#8243;][et_pb_image src=&#8221;https:\/\/psyclairebouflet.fr\/wp-content\/uploads\/2020\/03\/Th\u00e9-livre.jpg&#8221; _builder_version=&#8221;4.4.0&#8243; min_height=&#8221;215.9px&#8221; custom_margin=&#8221;18px||-32px|||&#8221; custom_padding=&#8221;||20px|||&#8221;][\/et_pb_image][\/et_pb_column][et_pb_column type=&#8221;1_2&#8243; _builder_version=&#8221;4.4.0&#8243;][et_pb_text _builder_version=&#8221;4.4.0&#8243; width=&#8221;100%&#8221; max_width=&#8221;100%&#8221; min_height=&#8221;435px&#8221; height=&#8221;406px&#8221; max_height=&#8221;413px&#8221; custom_margin=&#8221;||0px||false|false&#8221; custom_padding=&#8221;||0px||false|false&#8221;] Les &#8220;Indispensables&#8221; Christophe Andr\u00e9, Imparfaits, libres et heureux. Pratiques de l&#8217;estime de soi, Odile Jacob, 2006. Nelly Pons, Choisir de ralentir, Je passe \u00e0 l&#8217;acte, Actes Sud \/ [&hellip;]<\/p>\n","protected":false},"author":1,"featured_media":0,"parent":0,"menu_order":0,"comment_status":"closed","ping_status":"closed","template":"","meta":{"_et_pb_use_builder":"on","_et_pb_old_content":"<!-- wp:divi\/placeholder \/-->","_et_gb_content_width":""},"_links":{"self":[{"href":"https:\/\/psyclairebouflet.fr\/index.php\/wp-json\/wp\/v2\/pages\/33"}],"collection":[{"href":"https:\/\/psyclairebouflet.fr\/index.php\/wp-json\/wp\/v2\/pages"}],"about":[{"href":"https:\/\/psyclairebouflet.fr\/index.php\/wp-json\/wp\/v2\/types\/page"}],"author":[{"embeddable":true,"href":"https:\/\/psyclairebouflet.fr\/index.php\/wp-json\/wp\/v2\/users\/1"}],"replies":[{"embeddable":true,"href":"https:\/\/psyclairebouflet.fr\/index.php\/wp-json\/wp\/v2\/comments?post=33"}],"version-history":[{"count":55,"href":"https:\/\/psyclairebouflet.fr\/index.php\/wp-json\/wp\/v2\/pages\/33\/revisions"}],"predecessor-version":[{"id":1743,"href":"https:\/\/psyclairebouflet.fr\/index.php\/wp-json\/wp\/v2\/pages\/33\/revisions\/1743"}],"wp:attachment":[{"href":"https:\/\/psyclairebouflet.fr\/index.php\/wp-json\/wp\/v2\/media?parent=33"}],"curies":[{"name":"wp","href":"https:\/\/api.w.org\/{rel}","templated":true}]}}