{"id":1197,"date":"2023-06-20T12:23:02","date_gmt":"2023-06-20T10:23:02","guid":{"rendered":"https:\/\/psyclairebouflet.fr\/?page_id=1197"},"modified":"2025-06-29T15:57:06","modified_gmt":"2025-06-29T13:57:06","slug":"ateliers-de-sensibilisation","status":"publish","type":"page","link":"https:\/\/psyclairebouflet.fr\/index.php\/ateliers-de-sensibilisation\/","title":{"rendered":"Ateliers de sensibilisation"},"content":{"rendered":"<p>[et_pb_section fb_built=&#8221;1&#8243; _builder_version=&#8221;4.4.0&#8243; custom_margin=&#8221;||40px|||&#8221;][et_pb_row _builder_version=&#8221;4.4.0&#8243;][et_pb_column type=&#8221;4_4&#8243; _builder_version=&#8221;4.4.0&#8243;][et_pb_text _builder_version=&#8221;4.4.0&#8243; custom_padding=&#8221;||0px|||&#8221;]<\/p>\n<p style=\"text-align: center;\">Chaque atelier (de 2 \u00e0 8 personnes maximum) sera d\u00e9di\u00e9 \u00e0 un th\u00e8me particulier. Il sera compos\u00e9 syst\u00e9matiquement d&#8217;un temps d&#8217;accueil et d&#8217;inclusion, de la pr\u00e9sentation de concepts-cl\u00e9s, de la d\u00e9couverte d&#8217;un outil issu de la psychologie positive, d&#8217;un exercice pratique de m\u00e9ditation guid\u00e9e et se terminera par un temps d&#8217;\u00e9change entre les participant.e.s.<\/p>\n<p style=\"text-align: center;\">\n<p style=\"text-align: center;\">\n<p style=\"text-align: center;\"><strong>Dur\u00e9e \/<\/strong> 1h00<\/p>\n<p style=\"text-align: center;\"><b>Tout public \/\u00a0<\/b>tout secteur d&#8217;activit\u00e9 et tout m\u00e9tier<\/p>\n<p>[\/et_pb_text][\/et_pb_column][\/et_pb_row][et_pb_row _builder_version=&#8221;4.4.0&#8243;][et_pb_column type=&#8221;4_4&#8243; _builder_version=&#8221;4.4.0&#8243;][et_pb_image src=&#8221;https:\/\/psyclairebouflet.fr\/wp-content\/uploads\/2022\/06\/pexels-ben-mack-6775268-scaled.jpg&#8221; _builder_version=&#8221;4.4.0&#8243; width=&#8221;50%&#8221; max_width=&#8221;100%&#8221; module_alignment=&#8221;center&#8221; min_height=&#8221;273.8px&#8221; custom_padding=&#8221;||0px|||&#8221;][\/et_pb_image][\/et_pb_column][\/et_pb_row][\/et_pb_section]<\/p>\n","protected":false},"excerpt":{"rendered":"<p>[et_pb_section fb_built=&#8221;1&#8243; _builder_version=&#8221;4.4.0&#8243; custom_margin=&#8221;||40px|||&#8221;][et_pb_row _builder_version=&#8221;4.4.0&#8243;][et_pb_column type=&#8221;4_4&#8243; _builder_version=&#8221;4.4.0&#8243;][et_pb_text _builder_version=&#8221;4.4.0&#8243; custom_padding=&#8221;||0px|||&#8221;] Chaque atelier (de 2 \u00e0 8 personnes maximum) sera d\u00e9di\u00e9 \u00e0 un th\u00e8me particulier. Il sera compos\u00e9 syst\u00e9matiquement d&#8217;un temps d&#8217;accueil et d&#8217;inclusion, de la pr\u00e9sentation de concepts-cl\u00e9s, de la d\u00e9couverte d&#8217;un outil issu de la psychologie positive, d&#8217;un exercice pratique de m\u00e9ditation guid\u00e9e et se [&hellip;]<\/p>\n","protected":false},"author":1,"featured_media":0,"parent":0,"menu_order":0,"comment_status":"closed","ping_status":"closed","template":"","meta":{"_et_pb_use_builder":"on","_et_pb_old_content":"","_et_gb_content_width":""},"_links":{"self":[{"href":"https:\/\/psyclairebouflet.fr\/index.php\/wp-json\/wp\/v2\/pages\/1197"}],"collection":[{"href":"https:\/\/psyclairebouflet.fr\/index.php\/wp-json\/wp\/v2\/pages"}],"about":[{"href":"https:\/\/psyclairebouflet.fr\/index.php\/wp-json\/wp\/v2\/types\/page"}],"author":[{"embeddable":true,"href":"https:\/\/psyclairebouflet.fr\/index.php\/wp-json\/wp\/v2\/users\/1"}],"replies":[{"embeddable":true,"href":"https:\/\/psyclairebouflet.fr\/index.php\/wp-json\/wp\/v2\/comments?post=1197"}],"version-history":[{"count":19,"href":"https:\/\/psyclairebouflet.fr\/index.php\/wp-json\/wp\/v2\/pages\/1197\/revisions"}],"predecessor-version":[{"id":1691,"href":"https:\/\/psyclairebouflet.fr\/index.php\/wp-json\/wp\/v2\/pages\/1197\/revisions\/1691"}],"wp:attachment":[{"href":"https:\/\/psyclairebouflet.fr\/index.php\/wp-json\/wp\/v2\/media?parent=1197"}],"curies":[{"name":"wp","href":"https:\/\/api.w.org\/{rel}","templated":true}]}}