{"id":109,"date":"2020-03-10T10:28:30","date_gmt":"2020-03-10T09:28:30","guid":{"rendered":"http:\/\/psyclairebouflet.fr\/?page_id=109"},"modified":"2024-12-10T15:15:01","modified_gmt":"2024-12-10T14:15:01","slug":"mentions-legales","status":"publish","type":"page","link":"https:\/\/psyclairebouflet.fr\/index.php\/mentions-legales\/","title":{"rendered":"Mentions l\u00e9gales"},"content":{"rendered":"<p>[et_pb_section fb_built=&#8221;1&#8243; _builder_version=&#8221;4.4.0&#8243;][et_pb_row _builder_version=&#8221;4.4.0&#8243;][et_pb_column type=&#8221;4_4&#8243; _builder_version=&#8221;4.4.0&#8243;][et_pb_text _builder_version=&#8221;4.4.0&#8243;]<\/p>\n<p>Votre utilisation de ce site web constitue votre acceptation des conditions g\u00e9n\u00e9rales et mentions d\u2019avertissement. Ce site peut contenir des liens vers d\u2019autres sites web. Nous n\u2019assumons aucune responsabilit\u00e9 sur le contenu des sites autres que ceux faisant partie de notre domaine. Vous vous engagez \u00e0 ne pas utiliser ce site \u00e0 des fins illicites ou interdites par les lois ou par les mentions l\u00e9gales et contractuelles.<\/p>\n<p>Propri\u00e9taire du site et webmaster : Claire Bouflet EI<br \/>\nTel : +33 (0) 6 10 33 58 73<br \/>\nAdresse : 1 rue du Mar\u00e9chal de Lattre de Tassigny 76500 Elbeuf<br \/>\nSiret : 538 434 085 00048<br \/>\n<span lang=\"EN-US\">N\u00b0 RPPS\u00a0: <\/span>10009124107<br \/>\nAdresse e-mail : <a href=\"mailto:contact@psyclairebouflet.fr\">contact@psyclairebouflet.fr<\/a><\/p>\n<p>Contenu<br \/>\nNous apportons beaucoup d\u2019attention \u00e0 l\u2019exactitude des donn\u00e9es contenues sur son site web. Si n\u00e9anmoins vous trouviez une information incorrecte ou erron\u00e9e dans nos pages, merci d\u2019en avertir le webmaster via le formulaire de contact.<br \/>\nLes marques, logos et plus g\u00e9n\u00e9ralement tous les \u00e9l\u00e9ments de propri\u00e9t\u00e9 intellectuelle sont la propri\u00e9t\u00e9 de leur auteur, sont d\u00e9pos\u00e9s et prot\u00e9g\u00e9s \u00e0 ce titre. Toute utilisation ou reproduction est interdite. Par ailleurs, les informations contenues sur ce site doivent \u00eatre utilis\u00e9es \u00e0 des fins strictement personnelles. Tout type d\u2019utilisation, de reproduction, de copie ou de diffusion \u00e0 des fins commerciales est interdite.<br \/>\nNous d\u00e9clinons toute responsabilit\u00e9 quant au contenu des informations fournies sur des sites au titre de l\u2019activation de liens hypertexte.<\/p>\n<p>H\u00e9bergeur<br \/>\nOvh France<\/p>\n<p>[\/et_pb_text][\/et_pb_column][\/et_pb_row][\/et_pb_section]<\/p>\n","protected":false},"excerpt":{"rendered":"<p>[et_pb_section fb_built=&#8221;1&#8243; _builder_version=&#8221;4.4.0&#8243;][et_pb_row _builder_version=&#8221;4.4.0&#8243;][et_pb_column type=&#8221;4_4&#8243; _builder_version=&#8221;4.4.0&#8243;][et_pb_text _builder_version=&#8221;4.4.0&#8243;] Votre utilisation de ce site web constitue votre acceptation des conditions g\u00e9n\u00e9rales et mentions d\u2019avertissement. Ce site peut contenir des liens vers d\u2019autres sites web. Nous n\u2019assumons aucune responsabilit\u00e9 sur le contenu des sites autres que ceux faisant partie de notre domaine. Vous vous engagez \u00e0 ne pas [&hellip;]<\/p>\n","protected":false},"author":1,"featured_media":0,"parent":0,"menu_order":0,"comment_status":"closed","ping_status":"closed","template":"","meta":{"_et_pb_use_builder":"on","_et_pb_old_content":"","_et_gb_content_width":""},"_links":{"self":[{"href":"https:\/\/psyclairebouflet.fr\/index.php\/wp-json\/wp\/v2\/pages\/109"}],"collection":[{"href":"https:\/\/psyclairebouflet.fr\/index.php\/wp-json\/wp\/v2\/pages"}],"about":[{"href":"https:\/\/psyclairebouflet.fr\/index.php\/wp-json\/wp\/v2\/types\/page"}],"author":[{"embeddable":true,"href":"https:\/\/psyclairebouflet.fr\/index.php\/wp-json\/wp\/v2\/users\/1"}],"replies":[{"embeddable":true,"href":"https:\/\/psyclairebouflet.fr\/index.php\/wp-json\/wp\/v2\/comments?post=109"}],"version-history":[{"count":11,"href":"https:\/\/psyclairebouflet.fr\/index.php\/wp-json\/wp\/v2\/pages\/109\/revisions"}],"predecessor-version":[{"id":1587,"href":"https:\/\/psyclairebouflet.fr\/index.php\/wp-json\/wp\/v2\/pages\/109\/revisions\/1587"}],"wp:attachment":[{"href":"https:\/\/psyclairebouflet.fr\/index.php\/wp-json\/wp\/v2\/media?parent=109"}],"curies":[{"name":"wp","href":"https:\/\/api.w.org\/{rel}","templated":true}]}}